{"id":6,"date":"2015-11-02T20:16:52","date_gmt":"2015-11-02T20:16:52","guid":{"rendered":"http:\/\/yvonnestrafikskola.se\/nynashamn\/?page_id=6"},"modified":"2026-02-02T10:20:58","modified_gmt":"2026-02-02T10:20:58","slug":"hem","status":"publish","type":"page","link":"https:\/\/yvonnestrafikskola.se\/nynashamn\/","title":{"rendered":"Hem"},"content":{"rendered":"\n<p class=\"has-text-align-center has-pale-pink-color has-text-color has-link-color has-large-font-size wp-elements-966e214356d456251f6c9f1491bfcaaa\"><\/p>\n\n\n\n<p class=\"has-text-align-center has-medium-font-size\"><\/p>\n\n\n<h2><strong>Yvonnes Trafikskola, Nyn\u00e4shamn <\/strong><span style=\"color: #000000;\">08-520 150 90<\/span><\/h2>\n<h3><span style=\"font-size: 14px;\"><span style=\"color: #993366;\">V\u00e5ra k\u00f6rlektioner \u00e4r 50 minuter f\u00f6r att k\u00f6rningen ska bli effektiv <\/span><span style=\"color: #993366;\">och <\/span><span style=\"color: #993366;\">det betyder \u00e4ven att minutpriset blir v\u00e4ldigt f\u00f6rm\u00e5nligt!<\/span><\/span><\/h3>\n<h3>\u00a0<\/h3>\n<h2><strong>Hj\u00e4rtligt V\u00e4lkommen! <\/strong><\/h2>\n<p>F\u00f6r dig som g\u00e5r i k\u00f6rkortstankar f\u00f6r B-beh\u00f6righet.<\/p>\n<p>Vi erbjuder individanpassad k\u00f6rkortsundervisning till bra pris, i lugn och avstressad milj\u00f6, av erfarna l\u00e4rare. I utbildningen ing\u00e5r k\u00f6rlektioner och teorilektioner. Vi s\u00e4ljer det kursmaterial som kr\u00e4vs.<\/p>\n<p>Vi k\u00f6r \u00e4ven med automatv\u00e4xlad bil!<\/p>\n<p>Trafikskolan startades 1996 av Yvonne Petersen. Totalt \u00e4r vi fem l\u00e4rare. Vi har \u00e4ven m\u00f6jlighet att hj\u00e4lpa till med ans\u00f6kan om f\u00f6rl\u00e4ngd provtid eller muntligt prov\u00a0f\u00f6r dig med l\u00e4s- och skrivsv\u00e5righeter. Vi utf\u00f6r d\u00e5 bland annat\u00a0ordavkodningstester.<\/p>\n<p>Vi p\u00e5 Yvonnes trafikskola i Nyn\u00e4shamn hj\u00e4lper dig hela v\u00e4gen fram till k\u00f6rkortet. Vi erbjuder en s\u00e4ker och effektiv k\u00f6rkortsutbildning f\u00f6r beh\u00f6righeterna B, A\u00a0och AM. Skolan ligger n\u00e4ra pendelt\u00e5gstationen Nyn\u00e4shamn. H\u00e4r ligger alla \u00f6vningsomr\u00e5den p\u00e5 n\u00e4ra avst\u00e5nd vilket effektiviserar k\u00f6rlektionerna. Vi har b\u00e5de kvinnliga och manliga l\u00e4rare med l\u00e5ng erfarenhet. H\u00e4r finns m\u00f6jlighet att k\u00f6ra med automatv\u00e4xlad bil. Elever som k\u00f6r hos oss har ocks\u00e5 m\u00f6jlighet att sj\u00e4lva boka k\u00f6rlektioner via internet under de tider kontoret \u00e4r st\u00e4ngt. Kontakta oss i receptionen s\u00e5 hj\u00e4lper vi dig att komma ig\u00e5ng.<\/p>\n<h3>\u00a0<\/h3>\n<p><!--more--><\/p>\n<div class=\"fusion-text fusion-text-13\">\n<p><strong>F\u00f6lj oss p\u00e5 sociala medier:<\/strong><span style=\"color: #800080;\"><strong><span style=\"color: #000000;\"> \ud83d\udfea<\/span>Instagram (trafikskolayvonnes),<\/strong><\/span><\/p>\n<\/div>\n<p><iframe loading=\"lazy\" src=\"https:\/\/www.youtube.com\/embed\/mtBVfFaocSY\" width=\"560\" height=\"315\" frameborder=\"0\" allowfullscreen=\"allowfullscreen\"><\/iframe><\/p>\n<h1><span style=\"color: #800080;\">\u00a0<\/span><\/h1>","protected":false},"excerpt":{"rendered":"<p>Yvonnes Trafikskola, Nyn\u00e4shamn 08-520 150 90 V\u00e5ra k\u00f6rlektioner \u00e4r 50 minuter f\u00f6r att k\u00f6rningen ska bli effektiv och det betyder \u00e4ven att minutpriset blir v\u00e4ldigt f\u00f6rm\u00e5nligt! \u00a0 Hj\u00e4rtligt V\u00e4lkommen! F\u00f6r dig som g\u00e5r i k\u00f6rkortstankar f\u00f6r B-beh\u00f6righet. Vi erbjuder individanpassad k\u00f6rkortsundervisning till bra pris, i lugn och avstressad milj\u00f6, av erfarna l\u00e4rare. I utbildningen ing\u00e5r<br \/><a class=\"moretag\" href=\"https:\/\/yvonnestrafikskola.se\/nynashamn\/\">+ Read More<\/a><\/p>\n","protected":false},"author":1,"featured_media":0,"parent":0,"menu_order":0,"comment_status":"closed","ping_status":"closed","template":"","meta":{"footnotes":""},"class_list":["post-6","page","type-page","status-publish","hentry"],"_links":{"self":[{"href":"https:\/\/yvonnestrafikskola.se\/nynashamn\/wp-json\/wp\/v2\/pages\/6","targetHints":{"allow":["GET"]}}],"collection":[{"href":"https:\/\/yvonnestrafikskola.se\/nynashamn\/wp-json\/wp\/v2\/pages"}],"about":[{"href":"https:\/\/yvonnestrafikskola.se\/nynashamn\/wp-json\/wp\/v2\/types\/page"}],"author":[{"embeddable":true,"href":"https:\/\/yvonnestrafikskola.se\/nynashamn\/wp-json\/wp\/v2\/users\/1"}],"replies":[{"embeddable":true,"href":"https:\/\/yvonnestrafikskola.se\/nynashamn\/wp-json\/wp\/v2\/comments?post=6"}],"version-history":[{"count":116,"href":"https:\/\/yvonnestrafikskola.se\/nynashamn\/wp-json\/wp\/v2\/pages\/6\/revisions"}],"predecessor-version":[{"id":1408,"href":"https:\/\/yvonnestrafikskola.se\/nynashamn\/wp-json\/wp\/v2\/pages\/6\/revisions\/1408"}],"wp:attachment":[{"href":"https:\/\/yvonnestrafikskola.se\/nynashamn\/wp-json\/wp\/v2\/media?parent=6"}],"curies":[{"name":"wp","href":"https:\/\/api.w.org\/{rel}","templated":true}]}}