{"id":20,"date":"2015-11-02T20:21:07","date_gmt":"2015-11-02T20:21:07","guid":{"rendered":"http:\/\/yvonnestrafikskola.se\/nynashamn\/?page_id=20"},"modified":"2025-12-18T12:51:37","modified_gmt":"2025-12-18T12:51:37","slug":"ta-korkort","status":"publish","type":"page","link":"https:\/\/yvonnestrafikskola.se\/nynashamn\/ta-korkort\/","title":{"rendered":"Ta k\u00f6rkort"},"content":{"rendered":"<h1><strong>Hj\u00e4lp att ta k\u00f6rkort<\/strong><\/h1>\n<h3>\u00a0<\/h3>\n<p>F\u00f6rsta steget p\u00e5 v\u00e4gen till k\u00f6rkortet \u00e4r att <a href=\"https:\/\/www.transportstyrelsen.se\/sv\/Blanketter\/Vag\/korkort\/privatperson\/ansok-om-korkortstillstand-grupp-i\/\">ans\u00f6ka om k\u00f6rkortstillst\u00e5nd hos Transportstyrelsen.<\/a><\/p>\n<p>D\u00e4r fyller du elektroniskt i din h\u00e4lsodeklaration. D\u00e4refter m\u00e5ste du komplettera med ditt synintyg som utf\u00f6rs av beh\u00f6rig optiker.\u00a0Det g\u00e5r ocks\u00e5 bra att ringa till Transportstyrelsen p\u00e5 tel: 0771-81 81 81.<\/p>\n<p>Du kommer\u00a0f\u00e5 ett beslut om k\u00f6rkortstillst\u00e5nd hemskickat per post och d\u00e5 kan du som beviljats tillst\u00e5ndet b\u00f6rja \u00f6vningsk\u00f6ra p\u00e5 trafikskolan. K\u00f6rkortstillst\u00e5ndet \u00e4r giltigt i fem \u00e5r.<br \/>Innan du f\u00e5r k\u00f6rkortstillst\u00e5ndet hemskickat kan du b\u00f6rja l\u00e4sa k\u00f6rkortsteori. N\u00e4r du sedan s\u00e4tter dig i bilen har du redan en st\u00f6rre f\u00f6rst\u00e5else f\u00f6r bilen och trafiken.<br \/>Vi bygger upp Dina f\u00e4rdigheter fr\u00e5n grunden och steg f\u00f6r steg uppn\u00e5r du den sj\u00e4lvst\u00e4ndighet som kr\u00e4vs f\u00f6r att bli en s\u00e4ker bilf\u00f6rare.<br \/>Kontakta oss p\u00e5 Yvonnes s\u00e5 hj\u00e4lper vi dig att komma ig\u00e5ng!<\/p>\n<p>F\u00f6r att l\u00e4sa mer om k\u00f6rkortstagande \u00e4r\u00a0<a href=\"https:\/\/www.trafikverket.se\/korkort\/ta-korkort\/\">Trafikverket<\/a> en bra sida att bes\u00f6ka.<br \/><img decoding=\"async\" src=\"http:\/\/media7.yvonnestrafikskola.se\/2015\/11\/bil.jpg\" \/><\/p>\n\n\n<p><\/p>\n","protected":false},"excerpt":{"rendered":"<p>Hj\u00e4lp att ta k\u00f6rkort \u00a0 F\u00f6rsta steget p\u00e5 v\u00e4gen till k\u00f6rkortet \u00e4r att ans\u00f6ka om k\u00f6rkortstillst\u00e5nd hos Transportstyrelsen. D\u00e4r fyller du elektroniskt i din h\u00e4lsodeklaration. D\u00e4refter m\u00e5ste du komplettera med ditt synintyg som utf\u00f6rs av beh\u00f6rig optiker.\u00a0Det g\u00e5r ocks\u00e5 bra att ringa till Transportstyrelsen p\u00e5 tel: 0771-81 81 81. Du kommer\u00a0f\u00e5 ett beslut om k\u00f6rkortstillst\u00e5nd<br \/><a class=\"moretag\" href=\"https:\/\/yvonnestrafikskola.se\/nynashamn\/ta-korkort\/\">+ Read More<\/a><\/p>\n","protected":false},"author":1,"featured_media":0,"parent":0,"menu_order":0,"comment_status":"closed","ping_status":"closed","template":"","meta":{"footnotes":""},"class_list":["post-20","page","type-page","status-publish","hentry"],"_links":{"self":[{"href":"https:\/\/yvonnestrafikskola.se\/nynashamn\/wp-json\/wp\/v2\/pages\/20","targetHints":{"allow":["GET"]}}],"collection":[{"href":"https:\/\/yvonnestrafikskola.se\/nynashamn\/wp-json\/wp\/v2\/pages"}],"about":[{"href":"https:\/\/yvonnestrafikskola.se\/nynashamn\/wp-json\/wp\/v2\/types\/page"}],"author":[{"embeddable":true,"href":"https:\/\/yvonnestrafikskola.se\/nynashamn\/wp-json\/wp\/v2\/users\/1"}],"replies":[{"embeddable":true,"href":"https:\/\/yvonnestrafikskola.se\/nynashamn\/wp-json\/wp\/v2\/comments?post=20"}],"version-history":[{"count":20,"href":"https:\/\/yvonnestrafikskola.se\/nynashamn\/wp-json\/wp\/v2\/pages\/20\/revisions"}],"predecessor-version":[{"id":1390,"href":"https:\/\/yvonnestrafikskola.se\/nynashamn\/wp-json\/wp\/v2\/pages\/20\/revisions\/1390"}],"wp:attachment":[{"href":"https:\/\/yvonnestrafikskola.se\/nynashamn\/wp-json\/wp\/v2\/media?parent=20"}],"curies":[{"name":"wp","href":"https:\/\/api.w.org\/{rel}","templated":true}]}}