{"id":18,"date":"2015-11-02T20:20:38","date_gmt":"2015-11-02T20:20:38","guid":{"rendered":"http:\/\/yvonnestrafikskola.se\/nynashamn\/?page_id=18"},"modified":"2026-03-19T09:38:11","modified_gmt":"2026-03-19T09:38:11","slug":"intensivutbildning","status":"publish","type":"page","link":"https:\/\/yvonnestrafikskola.se\/nynashamn\/intensivutbildning\/","title":{"rendered":"Intensivutbildning"},"content":{"rendered":"<h1>Intensivutbildning<\/h1>\n<h3>\u00a0<\/h3>\n<p><strong>Vi p\u00e5 Yvonnes trafikskola har stor erfarenhet av intensivutbildning f\u00f6r B-k\u00f6rkort.<\/strong><strong>\u00a0<\/strong><\/p>\n<h2><strong>L\u00e5ter det intressant? H\u00f6r av dig till oss s\u00e5 fort som m\u00f6jligt s\u00e5 vi f\u00e5r boka en tid f\u00f6r niv\u00e5kontroll<\/strong><\/h2>\n<p><strong>\u00a0<\/strong><\/p>\n<p><strong>Uppl\u00e4gget \u00e4r: <\/strong><\/p>\n<p><strong>Testlektion 100 minuter f\u00f6r bed\u00f6mning av niv\u00e5, 1290 kr<\/strong><\/p>\n<p><strong>Bokning av k\u00f6rprov<\/strong><\/p>\n<p><strong>Planering av uppl\u00e4gget<\/strong><\/p>\n<p><strong>P\u00e5b\u00f6rja utbildningen f\u00f6r att n\u00e5 m\u00e5let\u00a0\u00a0 <\/strong><\/p>\n<p><strong>\u00a0<\/strong><\/p>\n<p><strong>Ing\u00e5r:<\/strong><\/p>\n<p><strong>Komplett bokpaket<\/strong><\/p>\n<p><strong>Enskilda teorilektioner<\/strong><\/p>\n<p><strong>K\u00f6rlektioner + uppk\u00f6rning med trafikskolans bil<\/strong><\/p>\n<p><strong>\u00a0<\/strong><\/p>\n<p><strong>Prisl\u00e4get: 16\u00b4400 kr &#8211; 28\u00b4500 kr <\/strong><strong>(exklusive testlektion)<\/strong><\/p>\n<p><strong>(20, 30 eller 40 k\u00f6rlektioner)<\/strong><\/p>\n<p>Genomf\u00f6r hela din utbildning p\u00e5 begr\u00e4nsad tid.<\/p>\n<p>Varje intensivutbildning f\u00f6reg\u00e5s av 1 testlektion p\u00e5 100 min d\u00e4r vi g\u00f6r en uppskattning vilken utbildning som matchar dina erfarenheter och f\u00f6ruts\u00e4ttningar.<\/p>\n<h2><strong>Kurser<\/strong><\/h2>\n<p>Testlektion innan kursstart 100 min 1\u00b4200 kr\u00a0 <strong>Obligatorisk<\/strong><\/p>\n<p><strong>Alternativ 1<\/strong><br \/>20 K\u00f6rlektioner\u00a0 \u00a0 \u00a0 \u00a0 \u00a0 \u00a0 \u00a0 \u00a0 \u00a0<strong><span style=\"color: #99cc00;\">16\u00b4400 kr<\/span><\/strong><\/p>\n<p><strong><span style=\"color: #800080;\">F\u00f6r dig som har k\u00f6rvana sedan tidigare och har k\u00f6rt i varierande trafikmilj\u00f6er. God man\u00f6vreringsf\u00f6rm\u00e5ga.<\/span><\/strong><\/p>\n<p><strong>Alternativ 2<\/strong><br \/>30 K\u00f6rlektioner\u00a0 \u00a0 \u00a0 \u00a0 \u00a0 \u00a0 \u00a0 \u00a0 \u00a0<strong><span style=\"color: #99cc00;\">22\u00b4900 kr<\/span><\/strong><br \/><strong><span style=\"color: #800080;\">\u00a0F\u00f6r dig som delvis har erfarenhet i trafiken sedan tidigare.<\/span><\/strong><\/p>\n<p><strong>Alternativ 3<\/strong><br \/>40 K\u00f6rlektioner\u00a0 \u00a0 \u00a0 \u00a0 \u00a0 \u00a0 \u00a0 \u00a0 \u00a0<span style=\"color: #99cc00;\"><strong>28\u00b4500 kr<\/strong><\/span><br \/><strong><span style=\"color: #800080;\">F\u00f6r dig som har vistats mindre i trafiken men beh\u00e4rskar att man\u00f6vrera bilen.<\/span><\/strong><\/p>\n<p>I alla kurser ing\u00e5r k\u00f6rlektioner, enskilda teorilektioner, komplett bokpaket och l\u00e5n av bil vid provtillf\u00e4lle.<\/p>\n<p><strong>Ut\u00f6ver dessa<\/strong> beh\u00f6ver man ha deltagit och godk\u00e4nts p\u00e5 Riskutbildning 1 och Riskutbildning 2 (hos oss har man m\u00f6jlighet att g\u00e5 p\u00e5 Riskutbildning 1)<\/p>\n<p>5 arbetsdagar innan kursstart ska utbildningen vara betald. Du kommer f\u00e5 skriva p\u00e5 ett avtal d\u00e4r vi f\u00e5r ditt medgivande till intensivutbildningens villkor.<\/p>\n<p>Du beh\u00f6ver ha giltigt k\u00f6rkortstillst\u00e5nd och giltig legitimation.<\/p>\n<h4><strong><span style=\"color: #993366;\">Vill du hellre ha en individanpassad plan specifikt utformad efter dig, l\u00e5t oss veta det s\u00e5 hj\u00e4lper vi g\u00e4rna till.<\/span><\/strong><\/h4>\n\n\n<p><\/p>\n","protected":false},"excerpt":{"rendered":"<p>Intensivutbildning \u00a0 Vi p\u00e5 Yvonnes trafikskola har stor erfarenhet av intensivutbildning f\u00f6r B-k\u00f6rkort.\u00a0 L\u00e5ter det intressant? H\u00f6r av dig till oss s\u00e5 fort som m\u00f6jligt s\u00e5 vi f\u00e5r boka en tid f\u00f6r niv\u00e5kontroll \u00a0 Uppl\u00e4gget \u00e4r: Testlektion 100 minuter f\u00f6r bed\u00f6mning av niv\u00e5, 1290 kr Bokning av k\u00f6rprov Planering av uppl\u00e4gget P\u00e5b\u00f6rja utbildningen f\u00f6r att<br \/><a class=\"moretag\" href=\"https:\/\/yvonnestrafikskola.se\/nynashamn\/intensivutbildning\/\">+ Read More<\/a><\/p>\n","protected":false},"author":1,"featured_media":0,"parent":0,"menu_order":0,"comment_status":"closed","ping_status":"closed","template":"","meta":{"footnotes":""},"class_list":["post-18","page","type-page","status-publish","hentry"],"_links":{"self":[{"href":"https:\/\/yvonnestrafikskola.se\/nynashamn\/wp-json\/wp\/v2\/pages\/18","targetHints":{"allow":["GET"]}}],"collection":[{"href":"https:\/\/yvonnestrafikskola.se\/nynashamn\/wp-json\/wp\/v2\/pages"}],"about":[{"href":"https:\/\/yvonnestrafikskola.se\/nynashamn\/wp-json\/wp\/v2\/types\/page"}],"author":[{"embeddable":true,"href":"https:\/\/yvonnestrafikskola.se\/nynashamn\/wp-json\/wp\/v2\/users\/1"}],"replies":[{"embeddable":true,"href":"https:\/\/yvonnestrafikskola.se\/nynashamn\/wp-json\/wp\/v2\/comments?post=18"}],"version-history":[{"count":29,"href":"https:\/\/yvonnestrafikskola.se\/nynashamn\/wp-json\/wp\/v2\/pages\/18\/revisions"}],"predecessor-version":[{"id":1427,"href":"https:\/\/yvonnestrafikskola.se\/nynashamn\/wp-json\/wp\/v2\/pages\/18\/revisions\/1427"}],"wp:attachment":[{"href":"https:\/\/yvonnestrafikskola.se\/nynashamn\/wp-json\/wp\/v2\/media?parent=18"}],"curies":[{"name":"wp","href":"https:\/\/api.w.org\/{rel}","templated":true}]}}