{"id":16,"date":"2015-11-02T20:20:13","date_gmt":"2015-11-02T20:20:13","guid":{"rendered":"http:\/\/yvonnestrafikskola.se\/nynashamn\/?page_id=16"},"modified":"2022-08-15T11:19:41","modified_gmt":"2022-08-15T11:19:41","slug":"kommande-kurser","status":"publish","type":"page","link":"https:\/\/yvonnestrafikskola.se\/nynashamn\/kommande-kurser\/","title":{"rendered":"Kommande kurser"},"content":{"rendered":"<h1><strong>Kommande kurser<\/strong><\/h1>\n<p>Yvonnes Trafikskola erbjuder f\u00f6ljande kurser. F\u00f6r mer information och datum klicka p\u00e5 n\u00e5gon av f\u00f6ljande l\u00e4nkar.<br \/>\n<a href=\"http:\/\/www.yvonnestrafikskola.se\/nynashamn\/riskettan\">Riskettan<\/a> <a href=\"http:\/\/www.yvonnestrafikskola.se\/nynashamn\/teorikur\">Teorikurs<\/a>\u00a0\u00a0\u00a0\u00a0<a href=\"http:\/\/www.yvonnestrafikskola.se\/nynashamn\/handledarutbildning\">Handledarutbildning<\/a><\/p>\n","protected":false},"excerpt":{"rendered":"<p>Kommande kurser Yvonnes Trafikskola erbjuder f\u00f6ljande kurser. F\u00f6r mer information och datum klicka p\u00e5 n\u00e5gon av f\u00f6ljande l\u00e4nkar. Riskettan Teorikurs\u00a0\u00a0\u00a0\u00a0Handledarutbildning<\/p>\n","protected":false},"author":1,"featured_media":0,"parent":0,"menu_order":0,"comment_status":"closed","ping_status":"closed","template":"","meta":{"footnotes":""},"class_list":["post-16","page","type-page","status-publish","hentry"],"_links":{"self":[{"href":"https:\/\/yvonnestrafikskola.se\/nynashamn\/wp-json\/wp\/v2\/pages\/16","targetHints":{"allow":["GET"]}}],"collection":[{"href":"https:\/\/yvonnestrafikskola.se\/nynashamn\/wp-json\/wp\/v2\/pages"}],"about":[{"href":"https:\/\/yvonnestrafikskola.se\/nynashamn\/wp-json\/wp\/v2\/types\/page"}],"author":[{"embeddable":true,"href":"https:\/\/yvonnestrafikskola.se\/nynashamn\/wp-json\/wp\/v2\/users\/1"}],"replies":[{"embeddable":true,"href":"https:\/\/yvonnestrafikskola.se\/nynashamn\/wp-json\/wp\/v2\/comments?post=16"}],"version-history":[{"count":2,"href":"https:\/\/yvonnestrafikskola.se\/nynashamn\/wp-json\/wp\/v2\/pages\/16\/revisions"}],"predecessor-version":[{"id":40,"href":"https:\/\/yvonnestrafikskola.se\/nynashamn\/wp-json\/wp\/v2\/pages\/16\/revisions\/40"}],"wp:attachment":[{"href":"https:\/\/yvonnestrafikskola.se\/nynashamn\/wp-json\/wp\/v2\/media?parent=16"}],"curies":[{"name":"wp","href":"https:\/\/api.w.org\/{rel}","templated":true}]}}