{"id":14,"date":"2015-11-02T20:19:33","date_gmt":"2015-11-02T20:19:33","guid":{"rendered":"http:\/\/yvonnestrafikskola.se\/nynashamn\/?page_id=14"},"modified":"2026-04-28T12:43:52","modified_gmt":"2026-04-28T12:43:52","slug":"eu-moped","status":"publish","type":"page","link":"https:\/\/yvonnestrafikskola.se\/nynashamn\/eu-moped\/","title":{"rendered":"EU-moped"},"content":{"rendered":"\n<h1 class=\"wp-block-heading\"><img loading=\"lazy\" decoding=\"async\" src=\"https:\/\/media6.yvonnestrafikskola.se\/2022\/11\/scooter-rider-42-300x300-1-150x150.jpg\" alt=\"\" width=\"150\" height=\"150\"><\/h1>\n\n\n<h4>\u00a0<\/h4>\n<h2><span style=\"font-size: 18px;\">-f\u00f6rbered innan anm\u00e4lan genom att ans\u00f6ka om k\u00f6rkortstillst\u00e5nd hos Transportstyrelsen:<\/span><\/h2>\n<h2><a href=\"https:\/\/www.transportstyrelsen.se\/sv\/vagtrafik\/e-tjanster-och-blanketter\/e-tjanster-inom-vagtrafik\/?tab=korkort&amp;eservice=korkortstillstand(grupp1)-ansok\"><span style=\"color: #3366ff;\"><span style=\"font-size: 16px;\">K\u00f6rkortstillst\u00e5nd\u00a0<\/span><\/span><\/a><\/h2>\n<h2 class=\"wp-block-heading\">Kommande mopedutbildningar v\u00e5ren 2026, 10\u00b4590 kr;<\/h2>\n<p><strong>&#8211; START: 13 juni<\/strong><\/p>\n<p><!--more--><\/p>\n<p><span style=\"color: #993366;\"><strong>Ring oss: 08-520 150 90<\/strong> <\/span><\/p>\n<p>Vi utbildar f\u00f6r beh\u00f6righet AM klass I som ofta \u00e4ven kallas f\u00f6r EU-moped.<\/p>\n<p>Beh\u00f6righeten ger\u00a0ocks\u00e5 r\u00e4tt att framf\u00f6ra moped klass II samt traktor och vissa typer av motorredskap.<\/p>\n<p>Ett k\u00f6rkort med beh\u00f6righet f\u00f6r AM \u00e4r ett riktigt k\u00f6rkort och kan d\u00e4rf\u00f6r anv\u00e4ndas som ID-handling.<\/p>\n<p>F\u00f6r att f\u00e5 k\u00f6ra moped klass I beh\u00f6ver man:<\/p>\n<ul>\n<li>Ha fyllt 15 \u00e5r<\/li>\n<li>Ha g\u00e5tt utbildning hos beh\u00f6rig utbildare<\/li>\n<li>Ha hj\u00e4lm vid k\u00f6rning<\/li>\n<li>F\u00f6lja g\u00e4llande trafikregler<\/li>\n<li>Ha giltig trafikf\u00f6rs\u00e4kring f\u00f6r mopeden<\/li>\n<\/ul>\n<h2><strong>Utbildningen \u00e4r minimum 17 timmar l\u00e5ng och inneh\u00e5ller 7 timmar praktisk k\u00f6rning + 10 timmar l\u00e4rarledd teorikurs.<\/strong><\/h2>\n<p>F\u00f6r att p\u00e5b\u00f6rja sin praktiska \u00f6vningsk\u00f6rning m\u00e5ste man minst vara 14 \u00e5r och 9 m\u00e5nader gammal.\u00a0<strong>Ett giltigt k\u00f6rkortstillst\u00e5nd fr\u00e5n Transportstyrelsen kr\u00e4vs<\/strong>. Ans\u00f6k p\u00e5 (<a href=\"http:\/\/www.korkortsportalen.se\/\">www.transportstyrelsen.se<\/a>).<\/p>\n<p>I v\u00e5r utbildning p\u00e5 Yvonnes Trafikskola ing\u00e5r allt n\u00f6dv\u00e4ndigt kursmaterial s\u00e5som b\u00f6cker och data\u00f6vningar samt moped och hj\u00e4lm vid \u00f6vningsk\u00f6rningen.<\/p>\n<p>Avgift f\u00f6r utbildning betalas minst 5 arbetsdagar innan p\u00e5b\u00f6rjad utbildning.<\/p>\n<p><strong>Trafikverket debiterar kostnad separat<\/strong><\/p>\n<p>Eleven studerar data\u00f6vningarna egenh\u00e4ndigt inf\u00f6r teoretiska provet som slutligen genomf\u00f6rs p\u00e5 Trafikverket. I samf\u00f6rst\u00e5nd med l\u00e4raren hj\u00e4lper vi till att boka det.<\/p>\n<p>Efter godk\u00e4nt teoriprov f\u00e5r du ditt k\u00f6rkort!<\/p>\n<p>Utbildningen \u00e4r i enlighet med Transportstyrelsens kursplan.<\/p>\n\n\n<h4 class=\"wp-block-heading\"><\/h4>\n\n\n\n<h5 class=\"wp-block-heading\"><\/h5>\n\n\n\n<p><\/p>\n\n\n\n<p><\/p>\n","protected":false},"excerpt":{"rendered":"<p>\u00a0 -f\u00f6rbered innan anm\u00e4lan genom att ans\u00f6ka om k\u00f6rkortstillst\u00e5nd hos Transportstyrelsen: K\u00f6rkortstillst\u00e5nd\u00a0 Kommande mopedutbildningar v\u00e5ren 2026, 10\u00b4590 kr; &#8211; START: 13 juni<\/p>\n","protected":false},"author":1,"featured_media":1010,"parent":0,"menu_order":0,"comment_status":"closed","ping_status":"closed","template":"","meta":{"footnotes":""},"class_list":["post-14","page","type-page","status-publish","has-post-thumbnail","hentry"],"_links":{"self":[{"href":"https:\/\/yvonnestrafikskola.se\/nynashamn\/wp-json\/wp\/v2\/pages\/14","targetHints":{"allow":["GET"]}}],"collection":[{"href":"https:\/\/yvonnestrafikskola.se\/nynashamn\/wp-json\/wp\/v2\/pages"}],"about":[{"href":"https:\/\/yvonnestrafikskola.se\/nynashamn\/wp-json\/wp\/v2\/types\/page"}],"author":[{"embeddable":true,"href":"https:\/\/yvonnestrafikskola.se\/nynashamn\/wp-json\/wp\/v2\/users\/1"}],"replies":[{"embeddable":true,"href":"https:\/\/yvonnestrafikskola.se\/nynashamn\/wp-json\/wp\/v2\/comments?post=14"}],"version-history":[{"count":252,"href":"https:\/\/yvonnestrafikskola.se\/nynashamn\/wp-json\/wp\/v2\/pages\/14\/revisions"}],"predecessor-version":[{"id":1439,"href":"https:\/\/yvonnestrafikskola.se\/nynashamn\/wp-json\/wp\/v2\/pages\/14\/revisions\/1439"}],"wp:featuredmedia":[{"embeddable":true,"href":"https:\/\/yvonnestrafikskola.se\/nynashamn\/wp-json\/wp\/v2\/media\/1010"}],"wp:attachment":[{"href":"https:\/\/yvonnestrafikskola.se\/nynashamn\/wp-json\/wp\/v2\/media?parent=14"}],"curies":[{"name":"wp","href":"https:\/\/api.w.org\/{rel}","templated":true}]}}