{"id":10,"date":"2015-11-02T20:17:57","date_gmt":"2015-11-02T20:17:57","guid":{"rendered":"http:\/\/yvonnestrafikskola.se\/nynashamn\/?page_id=10"},"modified":"2026-05-05T12:37:11","modified_gmt":"2026-05-05T12:37:11","slug":"riskettan","status":"publish","type":"page","link":"https:\/\/yvonnestrafikskola.se\/nynashamn\/riskettan\/","title":{"rendered":"Riskettan"},"content":{"rendered":"<h1><strong>Riskettan B Personbil<\/strong><\/h1>\n<p>Riskettan \u00e4r en obligatorisk del av riskutbildningen.\u00a0 Det \u00e4r en l\u00e4rarledd utbildning som ger dig kunskap om hur alkohol, droger, tr\u00f6tthet och andra negativa beteenden p\u00e5verkar k\u00f6rf\u00f6rm\u00e5gan. Kursen kr\u00e4ver aktivt deltagande i diskussion f\u00f6r att bli godk\u00e4nd. <strong>Det \u00e4r f\u00f6rdelaktigt att till viss del ha \u00f6vningsk\u00f6rt i lite olika trafikmilj\u00f6er innan deltagande p\u00e5 Riskettan.\u00a0<\/strong><\/p>\n<p>Kursen tar cirka 3 timmar, exklusive raster. Under rasten bjuder vi p\u00e5 fika.<\/p>\n<p>Efter riskutbildningen ska du k\u00e4nna till f\u00f6ljande:<\/p>\n<p>Reglerna f\u00f6r rattfylleri och tr\u00f6tthet i trafiken.<\/p>\n<p>Hur passagerare, mobiltelefoner, stress och andra distraktionsfaktorer p\u00e5verkar dig som f\u00f6rare.<\/p>\n<p>Hur olika typer av beteenden och attityder p\u00e5verkar dig och andra i trafiken.<\/p>\n<p>Olycksrisker hos olika grupper s\u00e5som \u201dm\u00e4n-kvinnor\u201d, \u201dyngre-\u00e4ldre\u201d.<\/p>\n<p>Risker, konsekvenser och p\u00e5verkan av rattfylleri, drogmissbruk och tr\u00f6tthet, samt hur du ska undvika negativa beteenden i trafiken och hindra andra.<\/p>\n<p>N\u00e4r du g\u00e5tt riskettan, s\u00e5 ser vi p\u00e5 Yvonnes trafikskola till att du registreras hos Transportstyrelsen.<\/p>\n<p><em>Giltighetstid f\u00f6r riskettankurs:<\/em><\/p>\n<p>Riskettan g\u00e4ller i fem \u00e5r fr\u00e5n dagen den genomf\u00f6rdes.<\/p>\n<p>Anm\u00e4l dig till riskettan h\u00e4r eller ring oss p\u00e5 08-520 150 90.<\/p>\n<p><span style=\"color: #ff0000;\"><strong>Meddelande till dig som gjort anm\u00e4lan till Riskettan via v\u00e5r hemsida:<\/strong><\/span><\/p>\n<p><span style=\"color: #ff0000;\"><strong>Vi skickar alltid ut information inf\u00f6r utbildningen till angiven mailadress. Tyv\u00e4rr tenderar informationen att ibland sorteras till skr\u00e4ppost.<\/strong><\/span><\/p>\n<p><span style=\"color: #ff0000;\"><strong>Om INTE bekr\u00e4ftelsen n\u00e5tt fram, RING f\u00f6r att f\u00e5 upplysningar kring kurstillf\u00e4llet.<\/strong><\/span><\/p>\n<p>Pris per deltagare:\u00a0<strong>700 kr<\/strong>\u00a0(betalning utbildningsdagen)\u00a0<strong>\/<\/strong>\u00a0<strong>650 kr<\/strong>\u00a0(f\u00f6rskottsbetalning)<\/p>\n<div id=\"vfb-form-2\" class=\"visual-form-builder-container\"><form id=\"riskettan-nynashamn-2\" class=\"visual-form-builder vfb-form-2 \" method=\"post\" enctype=\"multipart\/form-data\">\n\t  \t<input type=\"hidden\" name=\"form_id\" value=\"2\" \/><fieldset class=\"vfb-fieldset vfb-fieldset-1 riskettan \" id=\"item-vfb-11\"><div class=\"vfb-legend\"><h3>Riskettan<\/h3><\/div><ul class=\"vfb-section vfb-section-1\"><li class=\"vfb-item vfb-item-select  \" id=\"item-vfb-16\"><label for=\"vfb-16\" class=\"vfb-desc\">Datum f\u00f6r utbildning  <span class=\"vfb-required-asterisk\">*<\/span><\/label><span class=\"vfb-span\"><label>T\u00e4nk p\u00e5 att din bokning \u00e4r bindande och beh\u00f6ver avbokas senast fyra arbetsdagar innan kurstillf\u00e4llet.<\/label><\/span><select name=\"vfb-16\" id=\"vfb-16\" class=\"vfb-select  vfb-medium  required \"><option value=\"Tisdag 19 maj 2026 kl: 16:30-20:00 650\/700 kr deltagare\">Tisdag 19 maj 2026 kl: 16:30-20:00 650\/700 kr deltagare<\/option><option value=\"Tisdag 16 juni 2026 kl: 16:30-20:00 650\/700 kr deltagare\">Tisdag 16 juni 2026 kl: 16:30-20:00 650\/700 kr deltagare<\/option><\/select><\/li><li class=\"vfb-item vfb-item-textarea  \" id=\"item-vfb-15\"><label for=\"vfb-15\" class=\"vfb-desc\">Deltagare  <span class=\"vfb-required-asterisk\">*<\/span><\/label><div><span class=\"vfb-span\"><label>Ange: namn, personnummer, e-mail, telefonnummer<\/label><\/span><textarea name=\"vfb-15\" id=\"vfb-15\" class=\"vfb-textarea  vfb-medium  required \"><\/textarea><\/div><\/li><li class=\"vfb-item vfb-item-text  \" id=\"item-vfb-24\"><label for=\"vfb-24\" class=\"vfb-desc\">Text <\/label><input type=\"text\" name=\"vfb-24\" id=\"vfb-24\" value=\"\" class=\"vfb-text  vfb-medium   \" \/><\/li><\/ul>&nbsp;<\/fieldset><fieldset class=\"vfb-fieldset vfb-fieldset-2 verifiera \" id=\"item-vfb-12\" style=\"display:block\"><div class=\"vfb-legend\"><h3>Verifiera<\/h3><\/div><ul class=\"vfb-section vfb-section-2\"><li class=\"vfb-item vfb-item-secret\"  style=\"display:block\"><label for=\"vfb-13\" class=\"vfb-desc\">Ange tv\u00e5 valfria siffror: <span class=\"vfb-required-asterisk\">*<\/span><\/label><input type=\"hidden\" name=\"_vfb-secret\" value=\"vfb-13\" \/><span class=\"vfb-span\"><input type=\"text\" name=\"vfb-13\" id=\"vfb-13\" value=\"\" class=\"vfb-text  vfb-medium  required {digits:true,maxlength:2,minlength:2} \" style=\"display:block\" \/><label>Till exempel: 12<\/label><\/span><li style=\"display:none;\"><label>This box is for spam protection - &lt;strong&gt;please leave it blank&lt;\/strong&gt;:<\/label><div><input name=\"vfb-spam\" \/><\/div><\/li>\n\t\t\t<li class=\"vfb-item vfb-item-submit\" id=\"item-vfb-14\">\n\t\t\t\t<input type=\"submit\" name=\"vfb-submit\" id=\"vfb-14\" value=\"Skicka\" class=\"vfb-submit \" \/>\n\t\t\t\t<\/li><\/ul>\n\t\t\t<\/fieldset><input type=\"hidden\" name=\"_wp_http_referer\" value=\"\/nynashamn\/wp-json\/wp\/v2\/pages\/10\" \/><\/form><\/div> <!-- .visual-form-builder-container -->\n","protected":false},"excerpt":{"rendered":"<p>Riskettan B Personbil Riskettan \u00e4r en obligatorisk del av riskutbildningen.\u00a0 Det \u00e4r en l\u00e4rarledd utbildning som ger dig kunskap om hur alkohol, droger, tr\u00f6tthet och andra negativa beteenden p\u00e5verkar k\u00f6rf\u00f6rm\u00e5gan. Kursen kr\u00e4ver aktivt deltagande i diskussion f\u00f6r att bli godk\u00e4nd. Det \u00e4r f\u00f6rdelaktigt att till viss del ha \u00f6vningsk\u00f6rt i lite olika trafikmilj\u00f6er innan deltagande<br \/><a class=\"moretag\" href=\"https:\/\/yvonnestrafikskola.se\/nynashamn\/riskettan\/\">+ Read More<\/a><\/p>\n","protected":false},"author":1,"featured_media":0,"parent":0,"menu_order":0,"comment_status":"closed","ping_status":"closed","template":"","meta":{"footnotes":""},"class_list":["post-10","page","type-page","status-publish","hentry"],"_links":{"self":[{"href":"https:\/\/yvonnestrafikskola.se\/nynashamn\/wp-json\/wp\/v2\/pages\/10","targetHints":{"allow":["GET"]}}],"collection":[{"href":"https:\/\/yvonnestrafikskola.se\/nynashamn\/wp-json\/wp\/v2\/pages"}],"about":[{"href":"https:\/\/yvonnestrafikskola.se\/nynashamn\/wp-json\/wp\/v2\/types\/page"}],"author":[{"embeddable":true,"href":"https:\/\/yvonnestrafikskola.se\/nynashamn\/wp-json\/wp\/v2\/users\/1"}],"replies":[{"embeddable":true,"href":"https:\/\/yvonnestrafikskola.se\/nynashamn\/wp-json\/wp\/v2\/comments?post=10"}],"version-history":[{"count":12,"href":"https:\/\/yvonnestrafikskola.se\/nynashamn\/wp-json\/wp\/v2\/pages\/10\/revisions"}],"predecessor-version":[{"id":1441,"href":"https:\/\/yvonnestrafikskola.se\/nynashamn\/wp-json\/wp\/v2\/pages\/10\/revisions\/1441"}],"wp:attachment":[{"href":"https:\/\/yvonnestrafikskola.se\/nynashamn\/wp-json\/wp\/v2\/media?parent=10"}],"curies":[{"name":"wp","href":"https:\/\/api.w.org\/{rel}","templated":true}]}}