{"id":23,"date":"2015-11-02T21:06:35","date_gmt":"2015-11-02T21:06:35","guid":{"rendered":"http:\/\/yvonnestrafikskola.se\/haninge\/?page_id=23"},"modified":"2024-12-20T11:46:34","modified_gmt":"2024-12-20T11:46:34","slug":"handledarutbildning","status":"publish","type":"page","link":"https:\/\/yvonnestrafikskola.se\/haninge\/handledarutbildning\/","title":{"rendered":"Handledarutbildning Haninge"},"content":{"rendered":"<h1><strong>Handledarutbildning<\/strong><\/h1>\n<p>F\u00f6r att f\u00e5 \u00f6vningsk\u00f6ra privat\/hemma m\u00e5ste eleven samt handledaren g\u00e5 en handledarkurs, dock beh\u00f6ver man inte g\u00e5 tillsammans, men b\u00e5da ska ha deltagit p\u00e5 en kurs. Den som \u00f6vningsk\u00f6r privat m\u00e5ste ha en godk\u00e4nd handledare. Det \u00e4r du som handledare som r\u00e4knas som f\u00f6rare vid \u00f6vningsk\u00f6rningen. Du har ansvar f\u00f6r att eleven uppfyller kraven f\u00f6r \u00f6vningsk\u00f6rning. Du m\u00e5ste ans\u00f6ka och bli godk\u00e4nd f\u00f6r varje elev som du vill handleda vid privat \u00f6vningsk\u00f6rning. Ans\u00f6kan sker hos Transportstyrelsen, 0771-81 81 81 alternativt <a href=\"https:\/\/www.transportstyrelsen.se\/sv\/vagtrafik\/Korkort\/\">http:\/\/www.transportstyrelsen.se<\/a>. Blanketten heter: Handledarskap ans\u00f6k.<\/p>\n<p>Handledarkursen tar cirka 3 timmar, exklusive raster. Under rasten bjuder vi p\u00e5 fika.<\/p>\n<p><strong>490kr<\/strong>\/deltagare (betalning senast 3 vardagar innan start)<\/p>\n<p><strong>550 kr<\/strong>\/deltagare (betalning senare \u00e4n 3 dagar innan start)<\/p>\n<p>Krav f\u00f6r att bli handledare<br \/>\nUt\u00f6ver att ha g\u00e5tt handledarutbildning s\u00e5 m\u00e5ste du ha:<br \/>\n\u2022 fyllt 24 \u00e5r.<br \/>\n\u2022 haft k\u00f6rkort i minst 5 \u00e5r.<br \/>\n\u2022 k\u00f6rkort utf\u00e4rdat i EES-land.<br \/>\n\u2022 kompetens att k\u00f6ra det aktuella fordonet.<\/p>\n<p>F\u00f6r att f\u00e5 \u00f6vningsk\u00f6ra kr\u00e4vs att eleven har ett giltigt k\u00f6rkortstillst\u00e5nd och att handledaren f\u00e5tt ett handledarbevis fr\u00e5n Transportstyrelsen. Eleven beh\u00f6ver ha fyllt 15 \u00e5r och 9 m\u00e5nader f\u00f6r att deltagandet ska vara giltigt.<br \/>\nN\u00e4r du g\u00e5tt handledarutbildningen, s\u00e5 ser vi p\u00e5 Yvonnes trafikskola till att du registreras hos Transportstyrelsen.<br \/>\nGiltighetstid f\u00f6r handledarkurs:<br \/>\nHandledarutbildningen g\u00e4ller i fem \u00e5r fr\u00e5n dagen den genomf\u00f6rdes.<\/p>\n<p><strong>Anm\u00e4l dig till handledarutbildning h\u00e4r. Fyll i uppgifter f\u00f6r alla <\/strong><strong>deltagare nedan. En textruta per deltagare. Anv\u00e4nd rutan\u00a0 l\u00e4ngst ner f\u00f6r <\/strong><strong>kommentarer eller fr\u00e5gor.<\/strong><strong>\u00a0M<\/strong><strong>er info kommer i bokningsbekr\u00e4ftelsen. Om inte bokningsbekr\u00e4ftelsen n\u00e5r dig, se under skr\u00e4ppost, annars h\u00f6r av dig till oss.<\/strong><\/p>\n<p><span style=\"color: #ff0000;\"><strong><span style=\"font-family: Thread-00000a84-Id-000000b9;\">Meddelande till dig som gjort anm\u00e4lan till\u00a0Handledarutbildning via v\u00e5r hemsida:<\/span><\/strong><\/span><\/p>\n<p><span style=\"color: #ff0000;\"><strong><span style=\"font-family: Thread-00000a84-Id-000000b9;\">Vi skickar alltid ut information inf\u00f6r utbildningen till angiven mailadress. Tyv\u00e4rr tenderar informationen att ibland sorteras till skr\u00e4ppost.<\/span><\/strong><\/span><\/p>\n<p><span style=\"color: #ff0000;\"><strong><span style=\"font-family: Thread-00000a84-Id-000000b9;\">Om INTE bekr\u00e4ftelsen n\u00e5tt fram, RING f\u00f6r att f\u00e5 upplysningar kring kurstillf\u00e4llet.<\/span><\/strong><\/span><\/p>\n<p><span style=\"color: #993366;\">OBS! Detta formul\u00e4r \u00e4r en anm\u00e4lan till kursen och utebliven n\u00e4rvaro debiteras.<\/span><\/p>\n<div id=\"vfb-form-1\" class=\"visual-form-builder-container\"><form id=\"handledarutbildning-haninge-1\" class=\"visual-form-builder vfb-form-1 \" method=\"post\" enctype=\"multipart\/form-data\">\n\t\t\t<input type=\"hidden\" name=\"form_id\" value=\"1\" \/><fieldset class=\"vfb-fieldset vfb-fieldset-1 handledarutbildning \" id=\"item-vfb-1\"><div class=\"vfb-legend\"><h3>Handledarutbildning<\/h3><\/div><ul class=\"vfb-section vfb-section-1\"><li class=\"vfb-item vfb-item-select  \" id=\"item-vfb-8\"><label for=\"vfb-8\" class=\"vfb-desc\">Datum f\u00f6r utbildning :  <span class=\"vfb-required-asterisk\">*<\/span><\/label><span class=\"vfb-span\"><label>T\u00e4nk p\u00e5 att din bokning \u00e4r bindande och beh\u00f6ver avbokas senast fem arbetsdagar innan kurstillf\u00e4llet.<\/label><\/span><select name=\"vfb-8\" id=\"vfb-8\" class=\"vfb-select  vfb-medium  required \"><option value=\"Tisdag 5 maj 2026 kl: 16:30-20:00 490\/550 kr\/deltagare\">Tisdag 5 maj 2026 kl: 16:30-20:00 490\/550 kr\/deltagare<\/option><option value=\"Tisdag 26 maj 2026 kl: 16:30-20:00 490\/550 kr\/deltagare\">Tisdag 26 maj 2026 kl: 16:30-20:00 490\/550 kr\/deltagare<\/option><\/select><\/li><li class=\"vfb-item vfb-item-textarea  \" id=\"item-vfb-6\"><label for=\"vfb-6\" class=\"vfb-desc\">Deltagare 1  <span class=\"vfb-required-asterisk\">*<\/span><\/label><div><span class=\"vfb-span\"><label>Ange: namn, personnummer, e-mail, telefonnummer<\/label><\/span><textarea name=\"vfb-6\" id=\"vfb-6\" class=\"vfb-textarea  vfb-medium  required \"><\/textarea><\/div><\/li><li class=\"vfb-item vfb-item-textarea  \" id=\"item-vfb-9\"><label for=\"vfb-9\" class=\"vfb-desc\">Deltagare 2 <\/label><div><span class=\"vfb-span\"><label>Ange: namn, personnummer, e-mail, telefonnummer<\/label><\/span><textarea name=\"vfb-9\" id=\"vfb-9\" class=\"vfb-textarea  vfb-medium  \"><\/textarea><\/div><\/li><li class=\"vfb-item vfb-item-textarea  \" id=\"item-vfb-10\"><label for=\"vfb-10\" class=\"vfb-desc\">Deltagare 3 <\/label><div><span class=\"vfb-span\"><label>Ange: namn, personnummer, e-mail, telefonnummer<\/label><\/span><textarea name=\"vfb-10\" id=\"vfb-10\" class=\"vfb-textarea  vfb-medium  \"><\/textarea><\/div><\/li><li class=\"vfb-item vfb-item-textarea  \" id=\"item-vfb-11\"><label for=\"vfb-11\" class=\"vfb-desc\">Deltagare 4 <\/label><div><span class=\"vfb-span\"><label>Ange: namn, personnummer, e-mail, telefonnummer<\/label><\/span><textarea name=\"vfb-11\" id=\"vfb-11\" class=\"vfb-textarea  vfb-medium  \"><\/textarea><\/div><\/li><li class=\"vfb-item vfb-item-textarea  \" id=\"item-vfb-12\"><label for=\"vfb-12\" class=\"vfb-desc\">Deltagare 5 <\/label><div><span class=\"vfb-span\"><label>Ange: namn, personnummer, e-mail, telefonnummer<\/label><\/span><textarea name=\"vfb-12\" id=\"vfb-12\" class=\"vfb-textarea  vfb-medium  \"><\/textarea><\/div><\/li><\/ul>&nbsp;<\/fieldset><fieldset class=\"vfb-fieldset vfb-fieldset-2 verifiering \" id=\"item-vfb-2\" style=\"display:block\"><div class=\"vfb-legend\"><h3>Verifiering<\/h3><\/div><ul class=\"vfb-section vfb-section-2\"><li class=\"vfb-item vfb-item-secret\"  style=\"display:block\"><label for=\"vfb-3\" class=\"vfb-desc\">Verifiera genom att skriva tv\u00e5 valfria siffror <span class=\"vfb-required-asterisk\">*<\/span><\/label><input type=\"hidden\" name=\"_vfb-secret\" value=\"vfb-3\" \/><span class=\"vfb-span\"><input type=\"text\" name=\"vfb-3\" id=\"vfb-3\" value=\"\" class=\"vfb-text  vfb-medium  required {digits:true,maxlength:2,minlength:2} \" style=\"display:block\" \/><label>Till exempel: 12<\/label><\/span><li style=\"display:none;\"><label>This box is for spam protection - <strong>please leave it blank<\/strong>:<\/label><div><input name=\"vfb-spam\" \/><\/div><\/li>\n\t\t\t<li class=\"vfb-item vfb-item-submit\" id=\"item-vfb-4\">\n\t\t\t\t\t\t<input type=\"submit\" name=\"vfb-submit\" id=\"vfb-4\" value=\"Skicka\" class=\"vfb-submit \" \/>\n\t\t\t\t\t\t<\/li><\/ul>\n\t\t\t<\/fieldset><input type=\"hidden\" name=\"_wp_http_referer\" value=\"\/haninge\/wp-json\/wp\/v2\/pages\/23\" \/><\/form><\/div> <!-- .visual-form-builder-container -->\n","protected":false},"excerpt":{"rendered":"<p>Handledarutbildning F\u00f6r att f\u00e5 \u00f6vningsk\u00f6ra privat\/hemma m\u00e5ste eleven samt handledaren g\u00e5 en handledarkurs, dock beh\u00f6ver man inte g\u00e5 tillsammans, men b\u00e5da ska ha deltagit p\u00e5 en kurs. Den som \u00f6vningsk\u00f6r privat m\u00e5ste ha en godk\u00e4nd handledare. Det \u00e4r du som handledare som r\u00e4knas som f\u00f6rare vid \u00f6vningsk\u00f6rningen. Du har ansvar f\u00f6r att eleven uppfyller kraven<br \/><a class=\"moretag\" href=\"https:\/\/yvonnestrafikskola.se\/haninge\/handledarutbildning\/\">+ Read More<\/a><\/p>\n","protected":false},"author":1,"featured_media":0,"parent":0,"menu_order":0,"comment_status":"closed","ping_status":"closed","template":"","meta":{"footnotes":""},"class_list":["post-23","page","type-page","status-publish","hentry"],"_links":{"self":[{"href":"https:\/\/yvonnestrafikskola.se\/haninge\/wp-json\/wp\/v2\/pages\/23","targetHints":{"allow":["GET"]}}],"collection":[{"href":"https:\/\/yvonnestrafikskola.se\/haninge\/wp-json\/wp\/v2\/pages"}],"about":[{"href":"https:\/\/yvonnestrafikskola.se\/haninge\/wp-json\/wp\/v2\/types\/page"}],"author":[{"embeddable":true,"href":"https:\/\/yvonnestrafikskola.se\/haninge\/wp-json\/wp\/v2\/users\/1"}],"replies":[{"embeddable":true,"href":"https:\/\/yvonnestrafikskola.se\/haninge\/wp-json\/wp\/v2\/comments?post=23"}],"version-history":[{"count":42,"href":"https:\/\/yvonnestrafikskola.se\/haninge\/wp-json\/wp\/v2\/pages\/23\/revisions"}],"predecessor-version":[{"id":1836,"href":"https:\/\/yvonnestrafikskola.se\/haninge\/wp-json\/wp\/v2\/pages\/23\/revisions\/1836"}],"wp:attachment":[{"href":"https:\/\/yvonnestrafikskola.se\/haninge\/wp-json\/wp\/v2\/media?parent=23"}],"curies":[{"name":"wp","href":"https:\/\/api.w.org\/{rel}","templated":true}]}}