{"id":20,"date":"2015-11-02T21:05:37","date_gmt":"2015-11-02T21:05:37","guid":{"rendered":"http:\/\/yvonnestrafikskola.se\/haninge\/?page_id=20"},"modified":"2025-06-05T08:57:21","modified_gmt":"2025-06-05T08:57:21","slug":"hitta-till-oss","status":"publish","type":"page","link":"https:\/\/yvonnestrafikskola.se\/haninge\/hitta-till-oss\/","title":{"rendered":"Hitta till oss"},"content":{"rendered":"<h1><strong>Hitta till oss<\/strong><\/h1>\n<p>Vi finns p\u00e5 Dalar\u00f6v\u00e4gen 37 B. Parkering finns vid Torvalla IP<\/p>\n<p>Har du problem p\u00e5 v\u00e4gen f\u00e5r du g\u00e4rna ringa till oss p\u00e5: 08-777 30 04<\/p>\n<p><iframe loading=\"lazy\" style=\"border: 0;\" src=\"https:\/\/www.google.com\/maps\/embed?pb=!1m18!1m12!1m3!1d2044.9212337009908!2d18.15064406079808!3d59.16717217239602!2m3!1f0!2f0!3f0!3m2!1i1024!2i768!4f13.1!3m3!1m2!1s0x465f7c8130033deb%3A0xf6f43c9aa58c1c82!2sDalar%C3%B6v%C3%A4gen%2037B%2C%20136%2045%20Handen!5e0!3m2!1sen!2sse!4v1579083533925!5m2!1sen!2sse\" width=\"800\" height=\"600\" frameborder=\"0\" allowfullscreen=\"allowfullscreen\"><\/iframe><\/p>\n","protected":false},"excerpt":{"rendered":"<p>Hitta till oss Vi finns p\u00e5 Dalar\u00f6v\u00e4gen 37 B. Parkering finns vid Torvalla IP Har du problem p\u00e5 v\u00e4gen f\u00e5r du g\u00e4rna ringa till oss p\u00e5: 08-777 30 04<\/p>\n","protected":false},"author":1,"featured_media":0,"parent":0,"menu_order":0,"comment_status":"closed","ping_status":"closed","template":"","meta":{"footnotes":""},"class_list":["post-20","page","type-page","status-publish","hentry"],"_links":{"self":[{"href":"https:\/\/yvonnestrafikskola.se\/haninge\/wp-json\/wp\/v2\/pages\/20","targetHints":{"allow":["GET"]}}],"collection":[{"href":"https:\/\/yvonnestrafikskola.se\/haninge\/wp-json\/wp\/v2\/pages"}],"about":[{"href":"https:\/\/yvonnestrafikskola.se\/haninge\/wp-json\/wp\/v2\/types\/page"}],"author":[{"embeddable":true,"href":"https:\/\/yvonnestrafikskola.se\/haninge\/wp-json\/wp\/v2\/users\/1"}],"replies":[{"embeddable":true,"href":"https:\/\/yvonnestrafikskola.se\/haninge\/wp-json\/wp\/v2\/comments?post=20"}],"version-history":[{"count":8,"href":"https:\/\/yvonnestrafikskola.se\/haninge\/wp-json\/wp\/v2\/pages\/20\/revisions"}],"predecessor-version":[{"id":2106,"href":"https:\/\/yvonnestrafikskola.se\/haninge\/wp-json\/wp\/v2\/pages\/20\/revisions\/2106"}],"wp:attachment":[{"href":"https:\/\/yvonnestrafikskola.se\/haninge\/wp-json\/wp\/v2\/media?parent=20"}],"curies":[{"name":"wp","href":"https:\/\/api.w.org\/{rel}","templated":true}]}}