{"id":12,"date":"2015-11-02T21:03:04","date_gmt":"2015-11-02T21:03:04","guid":{"rendered":"http:\/\/yvonnestrafikskola.se\/haninge\/?page_id=12"},"modified":"2024-12-20T11:49:46","modified_gmt":"2024-12-20T11:49:46","slug":"riskettan","status":"publish","type":"page","link":"https:\/\/yvonnestrafikskola.se\/haninge\/riskettan\/","title":{"rendered":"Riskettan"},"content":{"rendered":"<h1><strong>Riskettan Haninge B Personbil<\/strong><\/h1>\n<p>Riskettan \u00e4r en obligatorisk del av riskutbildningen. Det \u00e4r en l\u00e4rarledd utbildning som ger dig kunskap om hur alkohol, droger, tr\u00f6tthet och andra negativa beteenden p\u00e5verkar k\u00f6rf\u00f6rm\u00e5gan. Kursen kr\u00e4ver aktivt deltagande i diskussion f\u00f6r att bli godk\u00e4nd.<\/p>\n<p>Kursen tar cirka 3 timmar, exklusive raster. Under rasten bjuder vi p\u00e5 frukt och fika.<br \/>\nEfter riskutbildningen ska du k\u00e4nna till f\u00f6ljande:<br \/>\nReglerna f\u00f6r rattfylleri och tr\u00f6tthet i trafiken.<br \/>\nHur passagerare, mobiltelefoner, stress och andra distraktionsfaktorer p\u00e5verkar dig som f\u00f6rare.<br \/>\nHur olika typer av beteenden och attityder p\u00e5verkar dig och andra i trafiken.<br \/>\nOlycksrisker hos olika grupper s\u00e5som \u201dm\u00e4n-kvinnor\u201d, \u201dyngre-\u00e4ldre\u201d.<br \/>\nRisker, konsekvenser och p\u00e5verkan av rattfylleri, drogmissbruk och tr\u00f6tthet, samt hur du ska undvika negativa beteenden i trafiken och hindra andra.<\/p>\n<p>N\u00e4r du g\u00e5tt riskettan, s\u00e5 ser vi p\u00e5 Yvonnes trafikskola till att du registreras hos Transportstyrelsen.<\/p>\n<p>Giltighetstid f\u00f6r riskettankurs:<br \/>\nRiskettan g\u00e4ller i fem \u00e5r fr\u00e5n dagen den genomf\u00f6rdes.<\/p>\n<p>600\/650 kr\/deltagare<\/p>\n<p><span style=\"color: #ff0000;\"><strong><span style=\"font-family: Thread-00000a84-Id-00000096;\">Meddelande till dig som gjort anm\u00e4lan till Riskettan via v\u00e5r hemsida:<\/span><\/strong><\/span><\/p>\n<p><span style=\"color: #ff0000;\"><strong><span style=\"font-family: Thread-00000a84-Id-00000096;\">Vi skickar alltid ut information inf\u00f6r utbildningen till angiven mailadress. Tyv\u00e4rr tenderar informationen att ibland sorteras till skr\u00e4ppost.<\/span><\/strong><\/span><\/p>\n<p><span style=\"color: #ff0000;\"><strong><span style=\"font-family: Thread-00000a84-Id-00000096;\">Om INTE bekr\u00e4ftelsen n\u00e5tt fram, RING f\u00f6r att f\u00e5 upplysningar kring kurstillf\u00e4llet.<\/span><\/strong><\/span><\/p>\n<p>OBS! Detta formul\u00e4r \u00e4r en anm\u00e4lan till kursen och utebliven n\u00e4rvaro debiteras.<\/p>\n<div id=\"vfb-form-2\" class=\"visual-form-builder-container\"><form id=\"riskettan-haninge-2\" class=\"visual-form-builder vfb-form-2 \" method=\"post\" enctype=\"multipart\/form-data\">\n\t\t\t<input type=\"hidden\" name=\"form_id\" value=\"2\" \/><fieldset class=\"vfb-fieldset vfb-fieldset-1 riskettan \" id=\"item-vfb-13\"><div class=\"vfb-legend\"><h3>Riskettan<\/h3><\/div><ul class=\"vfb-section vfb-section-1\"><li class=\"vfb-item vfb-item-select  \" id=\"item-vfb-18\"><label for=\"vfb-18\" class=\"vfb-desc\">Datum f\u00f6r utbildning:  <span class=\"vfb-required-asterisk\">*<\/span><\/label><span class=\"vfb-span\"><label>T\u00e4nk p\u00e5 att din bokning \u00e4r bindande och beh\u00f6ver avbokas senast fyra arbetsdagar innan kurstillf\u00e4llet.<\/label><\/span><select name=\"vfb-18\" id=\"vfb-18\" class=\"vfb-select  vfb-medium  required \"><option value=\"M\u00e5ndag 11 maj 2026 kl: 15:00 -18:30 600\/650 kr\">M\u00e5ndag 11 maj 2026 kl: 15:00 -18:30 600\/650 kr<\/option><option value=\"Torsdag 11 juni 2026 kl: 15:00 -18:30 600\/650 kr\">Torsdag 11 juni 2026 kl: 15:00 -18:30 600\/650 kr<\/option><option value=\"Torsdag 9 juli 2026 kl: 15:00 -18:30 600\/650 kr\">Torsdag 9 juli 2026 kl: 15:00 -18:30 600\/650 kr<\/option><\/select><\/li><li class=\"vfb-item vfb-item-textarea  \" id=\"item-vfb-17\"><label for=\"vfb-17\" class=\"vfb-desc\">Deltagare  <span class=\"vfb-required-asterisk\">*<\/span><\/label><div><span class=\"vfb-span\"><label>Ange: namn, personnummer, e-mail, telefonnummer<\/label><\/span><textarea name=\"vfb-17\" id=\"vfb-17\" class=\"vfb-textarea  vfb-medium  required \"><\/textarea><\/div><\/li><\/ul>&nbsp;<\/fieldset><fieldset class=\"vfb-fieldset vfb-fieldset-2 verifierinig \" id=\"item-vfb-14\" style=\"display:block\"><div class=\"vfb-legend\"><h3>Verifierinig<\/h3><\/div><ul class=\"vfb-section vfb-section-2\"><li class=\"vfb-item vfb-item-secret\"  style=\"display:block\"><label for=\"vfb-15\" class=\"vfb-desc\">Ange tv\u00e5 siffror <span class=\"vfb-required-asterisk\">*<\/span><\/label><input type=\"hidden\" name=\"_vfb-secret\" value=\"vfb-15\" \/><span class=\"vfb-span\"><input type=\"text\" name=\"vfb-15\" id=\"vfb-15\" value=\"\" class=\"vfb-text  vfb-medium  required {digits:true,maxlength:2,minlength:2} \" style=\"display:block\" \/><label>Till exempel: 12<\/label><\/span><li style=\"display:none;\"><label>This box is for spam protection - <strong>please leave it blank<\/strong>:<\/label><div><input name=\"vfb-spam\" \/><\/div><\/li>\n\t\t\t<li class=\"vfb-item vfb-item-submit\" id=\"item-vfb-16\">\n\t\t\t\t\t\t<input type=\"submit\" name=\"vfb-submit\" id=\"vfb-16\" value=\"Skicka\" class=\"vfb-submit \" \/>\n\t\t\t\t\t\t<\/li><\/ul>\n\t\t\t<\/fieldset><input type=\"hidden\" name=\"_wp_http_referer\" value=\"\/haninge\/wp-json\/wp\/v2\/pages\/12\" \/><\/form><\/div> <!-- .visual-form-builder-container -->\n","protected":false},"excerpt":{"rendered":"<p>Riskettan Haninge B Personbil Riskettan \u00e4r en obligatorisk del av riskutbildningen. Det \u00e4r en l\u00e4rarledd utbildning som ger dig kunskap om hur alkohol, droger, tr\u00f6tthet och andra negativa beteenden p\u00e5verkar k\u00f6rf\u00f6rm\u00e5gan. Kursen kr\u00e4ver aktivt deltagande i diskussion f\u00f6r att bli godk\u00e4nd. Kursen tar cirka 3 timmar, exklusive raster. Under rasten bjuder vi p\u00e5 frukt och<br \/><a class=\"moretag\" href=\"https:\/\/yvonnestrafikskola.se\/haninge\/riskettan\/\">+ Read More<\/a><\/p>\n","protected":false},"author":1,"featured_media":0,"parent":0,"menu_order":0,"comment_status":"closed","ping_status":"closed","template":"","meta":{"footnotes":""},"class_list":["post-12","page","type-page","status-publish","hentry"],"_links":{"self":[{"href":"https:\/\/yvonnestrafikskola.se\/haninge\/wp-json\/wp\/v2\/pages\/12","targetHints":{"allow":["GET"]}}],"collection":[{"href":"https:\/\/yvonnestrafikskola.se\/haninge\/wp-json\/wp\/v2\/pages"}],"about":[{"href":"https:\/\/yvonnestrafikskola.se\/haninge\/wp-json\/wp\/v2\/types\/page"}],"author":[{"embeddable":true,"href":"https:\/\/yvonnestrafikskola.se\/haninge\/wp-json\/wp\/v2\/users\/1"}],"replies":[{"embeddable":true,"href":"https:\/\/yvonnestrafikskola.se\/haninge\/wp-json\/wp\/v2\/comments?post=12"}],"version-history":[{"count":17,"href":"https:\/\/yvonnestrafikskola.se\/haninge\/wp-json\/wp\/v2\/pages\/12\/revisions"}],"predecessor-version":[{"id":1840,"href":"https:\/\/yvonnestrafikskola.se\/haninge\/wp-json\/wp\/v2\/pages\/12\/revisions\/1840"}],"wp:attachment":[{"href":"https:\/\/yvonnestrafikskola.se\/haninge\/wp-json\/wp\/v2\/media?parent=12"}],"curies":[{"name":"wp","href":"https:\/\/api.w.org\/{rel}","templated":true}]}}