{"id":10,"date":"2015-11-02T21:02:45","date_gmt":"2015-11-02T21:02:45","guid":{"rendered":"http:\/\/yvonnestrafikskola.se\/haninge\/?page_id=10"},"modified":"2025-02-20T12:00:34","modified_gmt":"2025-02-20T12:00:34","slug":"teorikurs","status":"publish","type":"page","link":"https:\/\/yvonnestrafikskola.se\/haninge\/teorikurs\/","title":{"rendered":"Teorikurs"},"content":{"rendered":"<h1><strong>Teorikurs<\/strong><\/h1>\n<p>Den l\u00e4rarledda teorikursen p\u00e5 Yvonnes Trafikskola \u00e4r 10 timmar l\u00e5ng uppdelade p\u00e5 5 tillf\u00e4llen \u00e1 2 timmar vardera. Kursen \u00e4r uppbyggd i enlighet med Transportstyrelsens kursplan. Kursen ger dig den hj\u00e4lp du beh\u00f6ver f\u00f6r att f\u00f6rst\u00e5 viktiga k\u00f6rkortsfr\u00e5gor samt bli bekv\u00e4m med teorin, vilket \u00f6kar dina chanser att klara av teoriprovet. Under teorikursen behandlas \u00e4mnen s\u00e5som; Stadstrafik, M\u00e4nniskan, Om olyckan \u00e4r framme, Bilen, Milj\u00f6n, Landsv\u00e4gsk\u00f6rning, M\u00f6rkerk\u00f6rning samt Halkk\u00f6rning.<br \/>\nTeorikursen skall vara ett komplement till dina inh\u00e4mtade kunskaper ifr\u00e5n k\u00f6rkortsboken samt onlinetesterna.<\/p>\n<p><b>\u00c4mnen vi g\u00e5r igenom vid varje tillf\u00e4lle:<\/b><br \/>\n<b>Teori 1: M\u00e4nniskan, avs\u00f6kning och riskbed\u00f6mning<\/b><br \/>\n<b>Teori 2: Mindre samh\u00e4lle, v\u00e4jningsregler<\/b><br \/>\n<b>Teori 3: T\u00e4t stadstrafik, mer regler<\/b><br \/>\n<b>Teori 4: Bilen, s\u00e4kerhet, m\u00f6rker, halka och milj\u00f6<\/b><br \/>\n<b>Teori 5: Landsv\u00e4g, motorv\u00e4g, vilt, om olyckan \u00e4r framme<\/b><\/p>\n<p>Anv\u00e4nda nedanst\u00e5ende formul\u00e4r (<a href=\"mailto:haninge@yvonnestrafikskola.se\">haninge@yvonnestrafikskola.se<\/a>) eller ring oss p\u00e5 08-777 30 04.<\/p>\n<p>Detta \u00e4r en bokning av kursen och avbokning skall ske senast vardagen innan kursstart f\u00f6re kl: 13.00.<\/p>\n<p>Priset f\u00f6r hela kursen \u00e4r 1700 kr.<\/p>\n<p>Om mindre \u00e4n 6 personer anm\u00e4lda kan teorikursen skjutas fram\u00e5t.<\/p>\n<p>Har du fr\u00e5gor f\u00e5r du g\u00e4rna h\u00f6ra av dig till oss.<\/p>\n<div id=\"vfb-form-3\" class=\"visual-form-builder-container\"><form id=\"teorikurs-haninge-3\" class=\"visual-form-builder vfb-form-3 \" method=\"post\" enctype=\"multipart\/form-data\">\n\t\t\t<input type=\"hidden\" name=\"form_id\" value=\"3\" \/><fieldset class=\"vfb-fieldset vfb-fieldset-1 teorikurs \" id=\"item-vfb-19\"><div class=\"vfb-legend\"><h3>Teorikurs<\/h3><\/div><ul class=\"vfb-section vfb-section-1\"><li class=\"vfb-item vfb-item-select  \" id=\"item-vfb-23\"><label for=\"vfb-23\" class=\"vfb-desc\">Datum f\u00f6r utbildning:  <span class=\"vfb-required-asterisk\">*<\/span><\/label><select name=\"vfb-23\" id=\"vfb-23\" class=\"vfb-select  vfb-medium  required \"><option value=\"L\u00e4mna intresseanm\u00e4lan h\u00e4r\">L\u00e4mna intresseanm\u00e4lan h\u00e4r<\/option><\/select><\/li><li class=\"vfb-item vfb-item-textarea  \" id=\"item-vfb-24\"><label for=\"vfb-24\" class=\"vfb-desc\">Deltagare  <span class=\"vfb-required-asterisk\">*<\/span><\/label><div><span class=\"vfb-span\"><label>Ange: namn, personnummer, e-mail, telefonnummer<\/label><\/span><textarea name=\"vfb-24\" id=\"vfb-24\" class=\"vfb-textarea  vfb-medium  required \"><\/textarea><\/div><\/li><\/ul>&nbsp;<\/fieldset><fieldset class=\"vfb-fieldset vfb-fieldset-2 verifiera \" id=\"item-vfb-20\" style=\"display:block\"><div class=\"vfb-legend\"><h3>Verifiera<\/h3><\/div><ul class=\"vfb-section vfb-section-2\"><li class=\"vfb-item vfb-item-secret\"  style=\"display:block\"><label for=\"vfb-21\" class=\"vfb-desc\">Ange tv\u00e5 valfria siffror <span class=\"vfb-required-asterisk\">*<\/span><\/label><input type=\"hidden\" name=\"_vfb-secret\" value=\"vfb-21\" \/><span class=\"vfb-span\"><input type=\"text\" name=\"vfb-21\" id=\"vfb-21\" value=\"\" class=\"vfb-text  vfb-medium  required {digits:true,maxlength:2,minlength:2} \" style=\"display:block\" \/><label>Till exempel: 12<\/label><\/span><li style=\"display:none;\"><label>This box is for spam protection - <strong>please leave it blank<\/strong>:<\/label><div><input name=\"vfb-spam\" \/><\/div><\/li>\n\t\t\t<li class=\"vfb-item vfb-item-submit\" id=\"item-vfb-22\">\n\t\t\t\t\t\t<input type=\"submit\" name=\"vfb-submit\" id=\"vfb-22\" value=\"Skicka\" class=\"vfb-submit \" \/>\n\t\t\t\t\t\t<\/li><\/ul>\n\t\t\t<\/fieldset><input type=\"hidden\" name=\"_wp_http_referer\" value=\"\/haninge\/wp-json\/wp\/v2\/pages\/10\" \/><\/form><\/div> <!-- .visual-form-builder-container -->\n","protected":false},"excerpt":{"rendered":"<p>Teorikurs Den l\u00e4rarledda teorikursen p\u00e5 Yvonnes Trafikskola \u00e4r 10 timmar l\u00e5ng uppdelade p\u00e5 5 tillf\u00e4llen \u00e1 2 timmar vardera. Kursen \u00e4r uppbyggd i enlighet med Transportstyrelsens kursplan. Kursen ger dig den hj\u00e4lp du beh\u00f6ver f\u00f6r att f\u00f6rst\u00e5 viktiga k\u00f6rkortsfr\u00e5gor samt bli bekv\u00e4m med teorin, vilket \u00f6kar dina chanser att klara av teoriprovet. Under teorikursen behandlas<br \/><a class=\"moretag\" href=\"https:\/\/yvonnestrafikskola.se\/haninge\/teorikurs\/\">+ Read More<\/a><\/p>\n","protected":false},"author":1,"featured_media":0,"parent":0,"menu_order":0,"comment_status":"closed","ping_status":"closed","template":"","meta":{"footnotes":""},"class_list":["post-10","page","type-page","status-publish","hentry"],"_links":{"self":[{"href":"https:\/\/yvonnestrafikskola.se\/haninge\/wp-json\/wp\/v2\/pages\/10","targetHints":{"allow":["GET"]}}],"collection":[{"href":"https:\/\/yvonnestrafikskola.se\/haninge\/wp-json\/wp\/v2\/pages"}],"about":[{"href":"https:\/\/yvonnestrafikskola.se\/haninge\/wp-json\/wp\/v2\/types\/page"}],"author":[{"embeddable":true,"href":"https:\/\/yvonnestrafikskola.se\/haninge\/wp-json\/wp\/v2\/users\/1"}],"replies":[{"embeddable":true,"href":"https:\/\/yvonnestrafikskola.se\/haninge\/wp-json\/wp\/v2\/comments?post=10"}],"version-history":[{"count":11,"href":"https:\/\/yvonnestrafikskola.se\/haninge\/wp-json\/wp\/v2\/pages\/10\/revisions"}],"predecessor-version":[{"id":1924,"href":"https:\/\/yvonnestrafikskola.se\/haninge\/wp-json\/wp\/v2\/pages\/10\/revisions\/1924"}],"wp:attachment":[{"href":"https:\/\/yvonnestrafikskola.se\/haninge\/wp-json\/wp\/v2\/media?parent=10"}],"curies":[{"name":"wp","href":"https:\/\/api.w.org\/{rel}","templated":true}]}}